{"id":114,"date":"2025-03-18T10:46:17","date_gmt":"2025-03-18T09:46:17","guid":{"rendered":"https:\/\/butik.ja-truck.com\/?post_type=product&#038;p=114"},"modified":"2025-03-27T15:16:04","modified_gmt":"2025-03-27T14:16:04","slug":"pl-1000-sax-enkel-kolv-1170-mm","status":"publish","type":"product","link":"https:\/\/butik.ja-truck.com\/index.php\/produkt\/pl-1000-sax-enkel-kolv-1170-mm\/","title":{"rendered":"PL 1000 SAX-Manuell Enkel kolv, 1170 mm"},"content":{"rendered":"<h1>PL 1000 SAX Enkel kolv, 1170 mm<\/h1>\n<p>Artikelnr: 1830043020<\/p>\n<div class=\"short-desc\">\n<p>Manuell l\u00e4ttpumpad saxlyftvagn med enkelcylinder. Manuellt inkopplingsbar snabblyft f\u00f6r 38 mm lyft per pumpslag upp till 50 kg.<\/p>\n<\/div>\n<div class=\"bulletlist\">\n<ul>\n<li>-Kolvtyp: enkelkolv<\/li>\n<li>-Manuell quicklift upp till 50 kg<\/li>\n<li>-H\u00f6jd\/pumpslag utan quicklift: 23 mm<\/li>\n<\/ul>\n<\/div>\n","protected":false},"excerpt":{"rendered":"<p>PL 1000 SAX Enkel kolv, 1170 mm Artikelnr: 1830043020 Manuell l\u00e4ttpumpad saxlyftvagn med enkelcylinder. Manuellt inkopplingsbar snabblyft f\u00f6r 38 mm lyft per pumpslag upp till 50 kg. -Kolvtyp: enkelkolv -Manuell quicklift upp till 50 kg -H\u00f6jd\/pumpslag utan quicklift: 23 mm<\/p>\n","protected":false},"featured_media":115,"comment_status":"open","ping_status":"closed","template":"","meta":[],"product_brand":[],"product_cat":[24],"product_tag":[],"class_list":{"0":"post-114","1":"product","2":"type-product","3":"status-publish","4":"has-post-thumbnail","6":"product_cat-saxlyft","8":"first","9":"instock","10":"taxable","11":"purchasable","12":"product-type-simple"},"_links":{"self":[{"href":"https:\/\/butik.ja-truck.com\/index.php\/wp-json\/wp\/v2\/product\/114","targetHints":{"allow":["GET"]}}],"collection":[{"href":"https:\/\/butik.ja-truck.com\/index.php\/wp-json\/wp\/v2\/product"}],"about":[{"href":"https:\/\/butik.ja-truck.com\/index.php\/wp-json\/wp\/v2\/types\/product"}],"replies":[{"embeddable":true,"href":"https:\/\/butik.ja-truck.com\/index.php\/wp-json\/wp\/v2\/comments?post=114"}],"wp:featuredmedia":[{"embeddable":true,"href":"https:\/\/butik.ja-truck.com\/index.php\/wp-json\/wp\/v2\/media\/115"}],"wp:attachment":[{"href":"https:\/\/butik.ja-truck.com\/index.php\/wp-json\/wp\/v2\/media?parent=114"}],"wp:term":[{"taxonomy":"product_brand","embeddable":true,"href":"https:\/\/butik.ja-truck.com\/index.php\/wp-json\/wp\/v2\/product_brand?post=114"},{"taxonomy":"product_cat","embeddable":true,"href":"https:\/\/butik.ja-truck.com\/index.php\/wp-json\/wp\/v2\/product_cat?post=114"},{"taxonomy":"product_tag","embeddable":true,"href":"https:\/\/butik.ja-truck.com\/index.php\/wp-json\/wp\/v2\/product_tag?post=114"}],"curies":[{"name":"wp","href":"https:\/\/api.w.org\/{rel}","templated":true}]}}